{"id":764,"date":"2022-10-02T09:44:59","date_gmt":"2022-10-02T08:44:59","guid":{"rendered":"https:\/\/innovexalgerie.com\/pieces\/?post_type=product&#038;p=764"},"modified":"2023-01-24T10:11:05","modified_gmt":"2023-01-24T09:11:05","slug":"batterie-motrice-6-evf-60","status":"publish","type":"product","link":"https:\/\/innovexalgerie.com\/pieces\/produit\/batteries\/batterie-motrice-6-evf-60\/","title":{"rendered":"Batterie 6-EVF-60"},"content":{"rendered":"<p><span class=\"goog-text-highlight\">La batterie 6-EVF-60 AGM \u00e0 cycle profond EVF est sp\u00e9cialement con\u00e7ue pour les d\u00e9charges fr\u00e9quentes \u00e0 cycle profond. <\/span><span class=\"\">En utilisant le mat\u00e9riau actif sp\u00e9cialement con\u00e7u et des grilles solides, la batterie plomb-acide scell\u00e9e de la s\u00e9rie EV offre des performances fiables dans des situations de charge \u00e9lev\u00e9e et peut fournir plus de 300 cycles \u00e0 100 % DOD.<\/span><\/p>\n","protected":false},"excerpt":{"rendered":"<p><span class=\"goog-text-highlight\">Batterie 6-EVF-60 AGM \u00e0 cycle profond EVF\u00a0 (12V 64Ah 5hr) est sp\u00e9cialement con\u00e7ue pour les d\u00e9charges fr\u00e9quentes \u00e0 cycle profond.<\/span><\/p>\n","protected":false},"featured_media":765,"template":"","meta":{"inline_featured_image":false,"_monsterinsights_skip_tracking":false,"_monsterinsights_sitenote_active":false,"_monsterinsights_sitenote_note":"","_monsterinsights_sitenote_category":0},"product_cat":[44],"product_tag":[],"class_list":["post-764","product","type-product","status-publish","has-post-thumbnail","hentry","product_cat-batteries"],"acf":[],"_links":{"self":[{"href":"https:\/\/innovexalgerie.com\/pieces\/wp-json\/wp\/v2\/product\/764","targetHints":{"allow":["GET"]}}],"collection":[{"href":"https:\/\/innovexalgerie.com\/pieces\/wp-json\/wp\/v2\/product"}],"about":[{"href":"https:\/\/innovexalgerie.com\/pieces\/wp-json\/wp\/v2\/types\/product"}],"wp:featuredmedia":[{"embeddable":true,"href":"https:\/\/innovexalgerie.com\/pieces\/wp-json\/wp\/v2\/media\/765"}],"wp:attachment":[{"href":"https:\/\/innovexalgerie.com\/pieces\/wp-json\/wp\/v2\/media?parent=764"}],"wp:term":[{"taxonomy":"product_cat","embeddable":true,"href":"https:\/\/innovexalgerie.com\/pieces\/wp-json\/wp\/v2\/product_cat?post=764"},{"taxonomy":"product_tag","embeddable":true,"href":"https:\/\/innovexalgerie.com\/pieces\/wp-json\/wp\/v2\/product_tag?post=764"}],"curies":[{"name":"wp","href":"https:\/\/api.w.org\/{rel}","templated":true}]}}