{"id":768,"date":"2022-10-02T10:31:09","date_gmt":"2022-10-02T09:31:09","guid":{"rendered":"https:\/\/innovexalgerie.com\/pieces\/?post_type=product&#038;p=768"},"modified":"2023-01-16T11:54:16","modified_gmt":"2023-01-16T10:54:16","slug":"batterie-gf-12-76-v","status":"publish","type":"product","link":"https:\/\/innovexalgerie.com\/pieces\/produit\/manutention\/gerbeurs\/batterie\/batterie-gf-12-76-v\/","title":{"rendered":"Batterie GF 12 76 V"},"content":{"rendered":"<p>Batterie Gel GF 12 76 V Sonnenschein, Pour les utilisations industrielles telles que v\u00e9hicules filoguid\u00e9s, plateformes \u00e9l\u00e9vatrices, engins de nettoyage, transpalettes, gerbeurs, voitures et bus \u00e9lectriques.<\/p>\n","protected":false},"excerpt":{"rendered":"<p>Batterie Gel GF 12 76 V Sonnenschein, con\u00e7ue pour les applications industrielles exigeantes.<\/p>\n","protected":false},"featured_media":770,"template":"","meta":{"inline_featured_image":false,"_monsterinsights_skip_tracking":false,"_monsterinsights_sitenote_active":false,"_monsterinsights_sitenote_note":"","_monsterinsights_sitenote_category":0},"product_cat":[44,90],"product_tag":[],"class_list":["post-768","product","type-product","status-publish","has-post-thumbnail","hentry","product_cat-batteries","product_cat-batterie"],"acf":[],"_links":{"self":[{"href":"https:\/\/innovexalgerie.com\/pieces\/wp-json\/wp\/v2\/product\/768","targetHints":{"allow":["GET"]}}],"collection":[{"href":"https:\/\/innovexalgerie.com\/pieces\/wp-json\/wp\/v2\/product"}],"about":[{"href":"https:\/\/innovexalgerie.com\/pieces\/wp-json\/wp\/v2\/types\/product"}],"wp:featuredmedia":[{"embeddable":true,"href":"https:\/\/innovexalgerie.com\/pieces\/wp-json\/wp\/v2\/media\/770"}],"wp:attachment":[{"href":"https:\/\/innovexalgerie.com\/pieces\/wp-json\/wp\/v2\/media?parent=768"}],"wp:term":[{"taxonomy":"product_cat","embeddable":true,"href":"https:\/\/innovexalgerie.com\/pieces\/wp-json\/wp\/v2\/product_cat?post=768"},{"taxonomy":"product_tag","embeddable":true,"href":"https:\/\/innovexalgerie.com\/pieces\/wp-json\/wp\/v2\/product_tag?post=768"}],"curies":[{"name":"wp","href":"https:\/\/api.w.org\/{rel}","templated":true}]}}