{"id":785,"date":"2022-10-12T13:15:52","date_gmt":"2022-10-12T12:15:52","guid":{"rendered":"https:\/\/innovexalgerie.com\/pieces\/?post_type=product&#038;p=785"},"modified":"2022-10-12T13:15:52","modified_gmt":"2022-10-12T12:15:52","slug":"verin-a-gaz-500n","status":"publish","type":"product","link":"https:\/\/innovexalgerie.com\/pieces\/produit\/verins\/a-gaz\/verin-a-gaz-500n\/","title":{"rendered":"verin \u00e0 gaz 500N"},"content":{"rendered":"<p>verin \u00e0 gaz 500N verrouillable, facile \u00e0 manipuler, super rigide, la derni\u00e8re recherche et developement, longue dur\u00e9e de vie.<\/p>\n<p>La force d&rsquo;amortissement n\u00e9cessaire \u00e0 un mod\u00e8le se calcule selon la formule ci-dessous :<\/p>\n<p>Force d&rsquo;amortissement (N) = Masse du mod\u00e8le (kg) x 40<\/p>\n<p><img loading=\"lazy\" decoding=\"async\" class=\"alignnone size-medium wp-image-786\" src=\"https:\/\/innovexalgerie.com\/pieces\/wp-content\/uploads\/2022\/10\/verin-a-gaz-500N-300x146.png\" alt=\"\" width=\"300\" height=\"146\" srcset=\"https:\/\/innovexalgerie.com\/pieces\/wp-content\/uploads\/2022\/10\/verin-a-gaz-500N-300x146.png 300w, https:\/\/innovexalgerie.com\/pieces\/wp-content\/uploads\/2022\/10\/verin-a-gaz-500N-600x292.png 600w, https:\/\/innovexalgerie.com\/pieces\/wp-content\/uploads\/2022\/10\/verin-a-gaz-500N.png 700w\" sizes=\"auto, (max-width: 300px) 100vw, 300px\" \/><\/p>\n","protected":false},"excerpt":{"rendered":"<p>verin \u00e0 gaz 500N verrouillable, facile \u00e0 manipuler, super rigide, la derni\u00e8re recherche et developement, longue dur\u00e9e de vie.<\/p>\n","protected":false},"featured_media":787,"template":"","meta":{"inline_featured_image":false,"_monsterinsights_skip_tracking":false,"_monsterinsights_sitenote_active":false,"_monsterinsights_sitenote_note":"","_monsterinsights_sitenote_category":0},"product_cat":[21,57],"product_tag":[],"class_list":["post-785","product","type-product","status-publish","has-post-thumbnail","hentry","product_cat-verins","product_cat-a-gaz"],"acf":[],"_links":{"self":[{"href":"https:\/\/innovexalgerie.com\/pieces\/wp-json\/wp\/v2\/product\/785","targetHints":{"allow":["GET"]}}],"collection":[{"href":"https:\/\/innovexalgerie.com\/pieces\/wp-json\/wp\/v2\/product"}],"about":[{"href":"https:\/\/innovexalgerie.com\/pieces\/wp-json\/wp\/v2\/types\/product"}],"wp:featuredmedia":[{"embeddable":true,"href":"https:\/\/innovexalgerie.com\/pieces\/wp-json\/wp\/v2\/media\/787"}],"wp:attachment":[{"href":"https:\/\/innovexalgerie.com\/pieces\/wp-json\/wp\/v2\/media?parent=785"}],"wp:term":[{"taxonomy":"product_cat","embeddable":true,"href":"https:\/\/innovexalgerie.com\/pieces\/wp-json\/wp\/v2\/product_cat?post=785"},{"taxonomy":"product_tag","embeddable":true,"href":"https:\/\/innovexalgerie.com\/pieces\/wp-json\/wp\/v2\/product_tag?post=785"}],"curies":[{"name":"wp","href":"https:\/\/api.w.org\/{rel}","templated":true}]}}