{"id":825,"date":"2022-10-18T11:30:13","date_gmt":"2022-10-18T10:30:13","guid":{"rendered":"https:\/\/innovexalgerie.com\/pieces\/?post_type=product&#038;p=825"},"modified":"2022-10-18T11:30:48","modified_gmt":"2022-10-18T10:30:48","slug":"teflon-en-ruban-adhesif-50mmx0-18%ce%bcm","status":"publish","type":"product","link":"https:\/\/innovexalgerie.com\/pieces\/produit\/teflon\/adhesive\/teflon-en-ruban-adhesif-50mmx0-18%ce%bcm\/","title":{"rendered":"T\u00e9flon en ruban adh\u00e8sif 50mmx0.18\u03bcm"},"content":{"rendered":"<p>T\u00e9flon en ruban adh\u00e8sif 50mmx0.18\u03bcm est compos\u00e9 d\u2019un support en tissu de PolyT\u00e9traFluoroEth\u00e8ne (PTFE),et d\u2019une masse adh\u00e9sive silicon\u00e9e. Le tissu de PTFE est r\u00e9sistant en haute-temp\u00e9rature (-73\u00b0C \u00e0 260\u00b0C). Il pr\u00e9sente une haute r\u00e9sistance m\u00e9canique ainsi qu\u2019une excellente stabilit\u00e9 dimensionnelle.\u00a0 Id\u00e9al pour prot\u00e9ger les barres de soudeuses et faciliter le glissement lors de diverses applications industrielles.<\/p>\n","protected":false},"excerpt":{"rendered":"<p>T\u00e9flon en ruban adh\u00e8sif 50mmx0.18\u03bcm est compos\u00e9 d\u2019un support en tissu de PolyT\u00e9traFluoroEth\u00e8ne (PTFE),et d\u2019une masse adh\u00e9sive silicon\u00e9e.<\/p>\n","protected":false},"featured_media":826,"template":"","meta":{"inline_featured_image":false,"_monsterinsights_skip_tracking":false,"_monsterinsights_sitenote_active":false,"_monsterinsights_sitenote_note":"","_monsterinsights_sitenote_category":0},"product_cat":[22,66],"product_tag":[],"class_list":["post-825","product","type-product","status-publish","has-post-thumbnail","hentry","product_cat-teflon","product_cat-adhesive"],"acf":[],"_links":{"self":[{"href":"https:\/\/innovexalgerie.com\/pieces\/wp-json\/wp\/v2\/product\/825","targetHints":{"allow":["GET"]}}],"collection":[{"href":"https:\/\/innovexalgerie.com\/pieces\/wp-json\/wp\/v2\/product"}],"about":[{"href":"https:\/\/innovexalgerie.com\/pieces\/wp-json\/wp\/v2\/types\/product"}],"wp:featuredmedia":[{"embeddable":true,"href":"https:\/\/innovexalgerie.com\/pieces\/wp-json\/wp\/v2\/media\/826"}],"wp:attachment":[{"href":"https:\/\/innovexalgerie.com\/pieces\/wp-json\/wp\/v2\/media?parent=825"}],"wp:term":[{"taxonomy":"product_cat","embeddable":true,"href":"https:\/\/innovexalgerie.com\/pieces\/wp-json\/wp\/v2\/product_cat?post=825"},{"taxonomy":"product_tag","embeddable":true,"href":"https:\/\/innovexalgerie.com\/pieces\/wp-json\/wp\/v2\/product_tag?post=825"}],"curies":[{"name":"wp","href":"https:\/\/api.w.org\/{rel}","templated":true}]}}