{"id":846,"date":"2022-10-18T12:49:16","date_gmt":"2022-10-18T11:49:16","guid":{"rendered":"https:\/\/innovexalgerie.com\/pieces\/?post_type=product&#038;p=846"},"modified":"2022-10-18T13:04:45","modified_gmt":"2022-10-18T12:04:45","slug":"teflon-blanc-en-feuille-rouleau-non-adhesif-0-35mx0-18%ce%bcm","status":"publish","type":"product","link":"https:\/\/innovexalgerie.com\/pieces\/produit\/teflon\/non-adhesive\/teflon-blanc-en-feuille-rouleau-non-adhesif-0-35mx0-18%ce%bcm\/","title":{"rendered":"T\u00e9flon blanc en feuille rouleau non adh\u00e8sif 0.35mx0.18\u03bcm"},"content":{"rendered":"<p>T\u00e9flon blanc en feuille rouleau non adh\u00e8sif 0.35mx0.18\u03bcm, support auto-d\u00e9moulant, est r\u00e9sistant en haute-temp\u00e9rature (-73\u00b0C \u00e0 260\u00b0C). Il pr\u00e9sente une haute r\u00e9sistance m\u00e9canique ainsi qu\u2019une excellente stabilit\u00e9 dimensionnelle. Id\u00e9al pour la protection et l&rsquo;auto d\u00e9moulage d&rsquo;un plan de travail pour composition, limiter la friction entre deux mati\u00e9re, protection des support.<\/p>\n","protected":false},"excerpt":{"rendered":"<p>T\u00e9flon blanc en feuille rouleau non adh\u00e8sif 0.35mx0.18\u03bcm, support auto-d\u00e9moulant, est r\u00e9sistant en haute-temp\u00e9rature (-73\u00b0C \u00e0 260\u00b0C).<\/p>\n","protected":false},"featured_media":836,"template":"","meta":{"inline_featured_image":false,"_monsterinsights_skip_tracking":false,"_monsterinsights_sitenote_active":false,"_monsterinsights_sitenote_note":"","_monsterinsights_sitenote_category":0},"product_cat":[22,67],"product_tag":[],"class_list":["post-846","product","type-product","status-publish","has-post-thumbnail","hentry","product_cat-teflon","product_cat-non-adhesive"],"acf":[],"_links":{"self":[{"href":"https:\/\/innovexalgerie.com\/pieces\/wp-json\/wp\/v2\/product\/846","targetHints":{"allow":["GET"]}}],"collection":[{"href":"https:\/\/innovexalgerie.com\/pieces\/wp-json\/wp\/v2\/product"}],"about":[{"href":"https:\/\/innovexalgerie.com\/pieces\/wp-json\/wp\/v2\/types\/product"}],"wp:featuredmedia":[{"embeddable":true,"href":"https:\/\/innovexalgerie.com\/pieces\/wp-json\/wp\/v2\/media\/836"}],"wp:attachment":[{"href":"https:\/\/innovexalgerie.com\/pieces\/wp-json\/wp\/v2\/media?parent=846"}],"wp:term":[{"taxonomy":"product_cat","embeddable":true,"href":"https:\/\/innovexalgerie.com\/pieces\/wp-json\/wp\/v2\/product_cat?post=846"},{"taxonomy":"product_tag","embeddable":true,"href":"https:\/\/innovexalgerie.com\/pieces\/wp-json\/wp\/v2\/product_tag?post=846"}],"curies":[{"name":"wp","href":"https:\/\/api.w.org\/{rel}","templated":true}]}}