{"id":871,"date":"2022-10-24T12:24:20","date_gmt":"2022-10-24T11:24:20","guid":{"rendered":"https:\/\/innovexalgerie.com\/pieces\/?post_type=product&#038;p=871"},"modified":"2022-10-24T12:24:20","modified_gmt":"2022-10-24T11:24:20","slug":"fils-rond-chauffant-0-7mm","status":"publish","type":"product","link":"https:\/\/innovexalgerie.com\/pieces\/produit\/resistance\/fil-resistance-chauffant\/fils-rond-chauffant-0-7mm\/","title":{"rendered":"Fils rond\u00a0chauffant 0.7mm"},"content":{"rendered":"<p><span class=\"subheading-category\">Fils <span data-spm-anchor-id=\"a2700.details.0.i12.16f811627oYt45\">rond <\/span><\/span>chauffant 0.7mm en Nichrome\u00a0 pour \u00e9l\u00e9ments chauffants est un type de fil \u00e9lectrique \u00e0 haute r\u00e9sistance. Le fil r\u00e9siste au flux d\u2019\u00e9lectricit\u00e9 et convertit l\u2019\u00e9nergie \u00e9lectrique en chaleur.<\/p>\n<div class=\"prdtBILTit\">La temp\u00e9rature de travail la plus \u00e9lev\u00e9e jusqu\u2019\u00e0 1200 degr\u00e9s, r\u00e9sistance sup\u00e9rieure \u00e0 celle du fer chrome aluminium \u00e0 haute temp\u00e9rature, pas facile \u00e0 d\u00e9former \u00e0 haute temp\u00e9rature, bonne plasticit\u00e9, facile \u00e0 r\u00e9parer, haute \u00e9missivit\u00e9, non magn\u00e9tique, forte r\u00e9sistance \u00e0 la corrosion, longue dur\u00e9e de vie.<\/div>\n","protected":false},"excerpt":{"rendered":"<p><span class=\"subheading-category\">Fils <span data-spm-anchor-id=\"a2700.details.0.i12.16f811627oYt45\">rond <\/span><\/span>chauffant 0.7mm en Nichrome\u00a0 pour \u00e9l\u00e9ments chauffants est un type de fil \u00e9lectrique \u00e0 haute r\u00e9sistance. Le fil r\u00e9siste au flux d\u2019\u00e9lectricit\u00e9 et convertit l\u2019\u00e9nergie \u00e9lectrique en chaleur.<\/p>\n","protected":false},"featured_media":868,"template":"","meta":{"inline_featured_image":false,"_monsterinsights_skip_tracking":false,"_monsterinsights_sitenote_active":false,"_monsterinsights_sitenote_note":"","_monsterinsights_sitenote_category":0},"product_cat":[24,65],"product_tag":[],"class_list":["post-871","product","type-product","status-publish","has-post-thumbnail","hentry","product_cat-resistance","product_cat-fil-resistance-chauffant"],"acf":[],"_links":{"self":[{"href":"https:\/\/innovexalgerie.com\/pieces\/wp-json\/wp\/v2\/product\/871","targetHints":{"allow":["GET"]}}],"collection":[{"href":"https:\/\/innovexalgerie.com\/pieces\/wp-json\/wp\/v2\/product"}],"about":[{"href":"https:\/\/innovexalgerie.com\/pieces\/wp-json\/wp\/v2\/types\/product"}],"wp:featuredmedia":[{"embeddable":true,"href":"https:\/\/innovexalgerie.com\/pieces\/wp-json\/wp\/v2\/media\/868"}],"wp:attachment":[{"href":"https:\/\/innovexalgerie.com\/pieces\/wp-json\/wp\/v2\/media?parent=871"}],"wp:term":[{"taxonomy":"product_cat","embeddable":true,"href":"https:\/\/innovexalgerie.com\/pieces\/wp-json\/wp\/v2\/product_cat?post=871"},{"taxonomy":"product_tag","embeddable":true,"href":"https:\/\/innovexalgerie.com\/pieces\/wp-json\/wp\/v2\/product_tag?post=871"}],"curies":[{"name":"wp","href":"https:\/\/api.w.org\/{rel}","templated":true}]}}