{"id":942,"date":"2022-11-02T12:34:02","date_gmt":"2022-11-02T11:34:02","guid":{"rendered":"https:\/\/innovexalgerie.com\/pieces\/?post_type=product&#038;p=942"},"modified":"2024-10-16T08:57:27","modified_gmt":"2024-10-16T07:57:27","slug":"ecran-daffichage-de-texte","status":"publish","type":"product","link":"https:\/\/innovexalgerie.com\/pieces\/produit\/emballage\/banderoleuse\/ecran-daffichage-de-texte\/","title":{"rendered":"\u00c9cran d&rsquo;affichage de texte"},"content":{"rendered":"<p>\u00c9cran LCD Monochrome \u00e9conomique avec 20 touches, La pression sur la touche peut \u00eatre d\u00e9finie comme les touches de fonction contr\u00f4lent le PLC, Contr\u00f4le des donn\u00e9es et des valeurs de l&rsquo;api. Convient pour divers PLC, Liste d&rsquo;informations d&rsquo;alarme, affiche les informations d&rsquo;alarme actuelles par articles en temps r\u00e9el, Supporte le protocole modbus 3X 4X ..<\/p>\n","protected":false},"excerpt":{"rendered":"<p>\u00c9cran LCD Monochrome \u00e9conomique avec 20 touches, La pression sur la touche peut \u00eatre d\u00e9finie comme les touches de fonction contr\u00f4lent le PLC.<\/p>\n","protected":false},"featured_media":943,"template":"","meta":{"inline_featured_image":false,"_monsterinsights_skip_tracking":false,"_monsterinsights_sitenote_active":false,"_monsterinsights_sitenote_note":"","_monsterinsights_sitenote_category":0},"product_cat":[77,83,144],"product_tag":[],"class_list":["post-942","product","type-product","status-publish","has-post-thumbnail","hentry","product_cat-emballage","product_cat-banderoleuse","product_cat-pieces-electriques-2"],"acf":[],"_links":{"self":[{"href":"https:\/\/innovexalgerie.com\/pieces\/wp-json\/wp\/v2\/product\/942","targetHints":{"allow":["GET"]}}],"collection":[{"href":"https:\/\/innovexalgerie.com\/pieces\/wp-json\/wp\/v2\/product"}],"about":[{"href":"https:\/\/innovexalgerie.com\/pieces\/wp-json\/wp\/v2\/types\/product"}],"wp:featuredmedia":[{"embeddable":true,"href":"https:\/\/innovexalgerie.com\/pieces\/wp-json\/wp\/v2\/media\/943"}],"wp:attachment":[{"href":"https:\/\/innovexalgerie.com\/pieces\/wp-json\/wp\/v2\/media?parent=942"}],"wp:term":[{"taxonomy":"product_cat","embeddable":true,"href":"https:\/\/innovexalgerie.com\/pieces\/wp-json\/wp\/v2\/product_cat?post=942"},{"taxonomy":"product_tag","embeddable":true,"href":"https:\/\/innovexalgerie.com\/pieces\/wp-json\/wp\/v2\/product_tag?post=942"}],"curies":[{"name":"wp","href":"https:\/\/api.w.org\/{rel}","templated":true}]}}