{"id":944,"date":"2022-11-02T12:47:25","date_gmt":"2022-11-02T11:47:25","guid":{"rendered":"https:\/\/innovexalgerie.com\/pieces\/?post_type=product&#038;p=944"},"modified":"2024-10-16T09:28:28","modified_gmt":"2024-10-16T08:28:28","slug":"interrupteur-de-controle-principal","status":"publish","type":"product","link":"https:\/\/innovexalgerie.com\/pieces\/produit\/emballage\/cercleuse\/interrupteur-de-controle-principal\/","title":{"rendered":"interrupteur de contr\u00f4le principal"},"content":{"rendered":"<p><span class=\"a-list-item a-size-base\">Mat\u00e9riau en polycarbonate ignifuge, r\u00e9sistance aux hautes temp\u00e9ratures, bonne isolation et ne vieillit pas facilement, Les interrupteurs de contr\u00f4le avec contacts en alliage d&rsquo;argent ont une bonne conductivit\u00e9 \u00e9lectrique, ce qui rend le fonctionnement plus stable. <\/span><\/p>\n","protected":false},"excerpt":{"rendered":"<p id=\"title\" class=\"a-size-large a-spacing-none\"><span id=\"productTitle\" class=\"a-size-large product-title-word-break\">Commutateur de finition soign\u00e9e, Accessoire pour interrupteur de contr\u00f4le principal.<\/span><\/p>\n","protected":false},"featured_media":947,"template":"","meta":{"inline_featured_image":false,"_monsterinsights_skip_tracking":false,"_monsterinsights_sitenote_active":false,"_monsterinsights_sitenote_note":"","_monsterinsights_sitenote_category":0},"product_cat":[77,82,144],"product_tag":[],"class_list":["post-944","product","type-product","status-publish","has-post-thumbnail","hentry","product_cat-emballage","product_cat-cercleuse","product_cat-pieces-electriques-2"],"acf":[],"_links":{"self":[{"href":"https:\/\/innovexalgerie.com\/pieces\/wp-json\/wp\/v2\/product\/944","targetHints":{"allow":["GET"]}}],"collection":[{"href":"https:\/\/innovexalgerie.com\/pieces\/wp-json\/wp\/v2\/product"}],"about":[{"href":"https:\/\/innovexalgerie.com\/pieces\/wp-json\/wp\/v2\/types\/product"}],"wp:featuredmedia":[{"embeddable":true,"href":"https:\/\/innovexalgerie.com\/pieces\/wp-json\/wp\/v2\/media\/947"}],"wp:attachment":[{"href":"https:\/\/innovexalgerie.com\/pieces\/wp-json\/wp\/v2\/media?parent=944"}],"wp:term":[{"taxonomy":"product_cat","embeddable":true,"href":"https:\/\/innovexalgerie.com\/pieces\/wp-json\/wp\/v2\/product_cat?post=944"},{"taxonomy":"product_tag","embeddable":true,"href":"https:\/\/innovexalgerie.com\/pieces\/wp-json\/wp\/v2\/product_tag?post=944"}],"curies":[{"name":"wp","href":"https:\/\/api.w.org\/{rel}","templated":true}]}}