{"id":950,"date":"2022-11-02T13:00:33","date_gmt":"2022-11-02T12:00:33","guid":{"rendered":"https:\/\/innovexalgerie.com\/pieces\/?post_type=product&#038;p=950"},"modified":"2022-11-02T13:00:33","modified_gmt":"2022-11-02T12:00:33","slug":"interrupteur-a-bouton-darret-durgence","status":"publish","type":"product","link":"https:\/\/innovexalgerie.com\/pieces\/produit\/autres-pieces\/interrupteur-a-bouton-darret-durgence\/","title":{"rendered":"Interrupteur \u00e0 bouton d&rsquo;arr\u00eat d&rsquo;urgence"},"content":{"rendered":"<ul>\n<li class=\"a-spacing-small\"><span class=\"a-list-item a-size-base\">Comment utiliser: Apr\u00e8s avoir appuy\u00e9 sur le bouton, il se verrouille automatiquement et se r\u00e9initialise apr\u00e8s l&rsquo;avoir tourn\u00e9 vers la droite. <\/span><\/li>\n<li class=\"a-spacing-small\"><span class=\"a-list-item a-size-base\">S\u00fbr et fiable: Le produit a pass\u00e9 la certification CE et est s\u00fbr et fiable. <\/span><\/li>\n<li class=\"a-spacing-small\"><span class=\"a-list-item a-size-base\">Fabriqu\u00e9 en mat\u00e9riau ignifuge: La conception globale est faite d&rsquo;un mat\u00e9riau ignifuge, ce qui est plus s\u00fbr et emp\u00eache le feu. <\/span><\/li>\n<li class=\"a-spacing-small\"><span class=\"a-list-item a-size-base\">C\u00e2blage pratique: C\u00e2blage pratique, r\u00e9servez une bonne position de c\u00e2blage, desserrez simplement le sol fixe et serrez apr\u00e8s avoir connect\u00e9 le fil. <\/span><\/li>\n<\/ul>\n","protected":false},"excerpt":{"rendered":"<p id=\"title\" class=\"a-size-large a-spacing-none\"><span id=\"productTitle\" class=\"a-size-large product-title-word-break\">Interrupteur \u00e0 bouton d&rsquo;arr\u00eat d&rsquo;urgence \u00e0 verrouillage automatique.<\/span><\/p>\n","protected":false},"featured_media":951,"template":"","meta":{"inline_featured_image":false,"_monsterinsights_skip_tracking":false,"_monsterinsights_sitenote_active":false,"_monsterinsights_sitenote_note":"","_monsterinsights_sitenote_category":0},"product_cat":[87],"product_tag":[],"class_list":["post-950","product","type-product","status-publish","has-post-thumbnail","hentry","product_cat-autres-pieces"],"acf":[],"_links":{"self":[{"href":"https:\/\/innovexalgerie.com\/pieces\/wp-json\/wp\/v2\/product\/950","targetHints":{"allow":["GET"]}}],"collection":[{"href":"https:\/\/innovexalgerie.com\/pieces\/wp-json\/wp\/v2\/product"}],"about":[{"href":"https:\/\/innovexalgerie.com\/pieces\/wp-json\/wp\/v2\/types\/product"}],"wp:featuredmedia":[{"embeddable":true,"href":"https:\/\/innovexalgerie.com\/pieces\/wp-json\/wp\/v2\/media\/951"}],"wp:attachment":[{"href":"https:\/\/innovexalgerie.com\/pieces\/wp-json\/wp\/v2\/media?parent=950"}],"wp:term":[{"taxonomy":"product_cat","embeddable":true,"href":"https:\/\/innovexalgerie.com\/pieces\/wp-json\/wp\/v2\/product_cat?post=950"},{"taxonomy":"product_tag","embeddable":true,"href":"https:\/\/innovexalgerie.com\/pieces\/wp-json\/wp\/v2\/product_tag?post=950"}],"curies":[{"name":"wp","href":"https:\/\/api.w.org\/{rel}","templated":true}]}}