{"id":954,"date":"2022-11-02T15:02:14","date_gmt":"2022-11-02T14:02:14","guid":{"rendered":"https:\/\/innovexalgerie.com\/pieces\/?post_type=product&#038;p=954"},"modified":"2024-10-16T08:57:58","modified_gmt":"2024-10-16T07:57:58","slug":"indicateur-de-compteur-horaire","status":"publish","type":"product","link":"https:\/\/innovexalgerie.com\/pieces\/produit\/manutention\/gerbeurs\/piece-gerbeur\/indicateur-de-compteur-horaire\/","title":{"rendered":"Indicateur de compteur horaire"},"content":{"rendered":"<p><span class=\"a-list-item a-size-base\">compteur multifonctionnel qui comprend des fonctions de compteur de capacit\u00e9 de batterie et de compteur horaire; Afficher la capacit\u00e9 de la batterie par des barres LED et afficher le total des heures de fonctionnement par \u00e9cran LCD<\/span><\/p>\n","protected":false},"excerpt":{"rendered":"<p><span class=\"a-list-item a-size-base\">JAUGE DE CARBURANT DE BATTERIE, Il peut \u00eatre utilis\u00e9 sur un appareil aliment\u00e9 par une batterie au plomb pour indiquer la capacit\u00e9 restante.<\/span><\/p>\n","protected":false},"featured_media":955,"template":"","meta":{"inline_featured_image":false,"_monsterinsights_skip_tracking":false,"_monsterinsights_sitenote_active":false,"_monsterinsights_sitenote_note":"","_monsterinsights_sitenote_category":0},"product_cat":[75,78,92,144],"product_tag":[],"class_list":["post-954","product","type-product","status-publish","has-post-thumbnail","hentry","product_cat-manutention","product_cat-gerbeurs","product_cat-piece-gerbeur","product_cat-pieces-electriques-2"],"acf":[],"_links":{"self":[{"href":"https:\/\/innovexalgerie.com\/pieces\/wp-json\/wp\/v2\/product\/954","targetHints":{"allow":["GET"]}}],"collection":[{"href":"https:\/\/innovexalgerie.com\/pieces\/wp-json\/wp\/v2\/product"}],"about":[{"href":"https:\/\/innovexalgerie.com\/pieces\/wp-json\/wp\/v2\/types\/product"}],"wp:featuredmedia":[{"embeddable":true,"href":"https:\/\/innovexalgerie.com\/pieces\/wp-json\/wp\/v2\/media\/955"}],"wp:attachment":[{"href":"https:\/\/innovexalgerie.com\/pieces\/wp-json\/wp\/v2\/media?parent=954"}],"wp:term":[{"taxonomy":"product_cat","embeddable":true,"href":"https:\/\/innovexalgerie.com\/pieces\/wp-json\/wp\/v2\/product_cat?post=954"},{"taxonomy":"product_tag","embeddable":true,"href":"https:\/\/innovexalgerie.com\/pieces\/wp-json\/wp\/v2\/product_tag?post=954"}],"curies":[{"name":"wp","href":"https:\/\/api.w.org\/{rel}","templated":true}]}}