{"id":967,"date":"2022-11-03T10:53:12","date_gmt":"2022-11-03T09:53:12","guid":{"rendered":"https:\/\/innovexalgerie.com\/pieces\/?post_type=product&#038;p=967"},"modified":"2024-10-16T09:20:02","modified_gmt":"2024-10-16T08:20:02","slug":"interrupteur-a-pedale","status":"publish","type":"product","link":"https:\/\/innovexalgerie.com\/pieces\/produit\/emballage\/soudeuse-plastifieuse-en-l\/interrupteur-a-pedale\/","title":{"rendered":"Interrupteur \u00e0 P\u00e9dale"},"content":{"rendered":"","protected":false},"excerpt":{"rendered":"<p id=\"title\" class=\"a-size-large a-spacing-none\"><span id=\"productTitle\" class=\"a-size-large product-title-word-break\">Contr\u00f4leur de Pied \u00e0 Coque en Aluminium Industriel Interrupteur \u00e0 P\u00e9dale avec Contact Instantan\u00e9 pour \u00c9quipement de Machine-Outil.<\/span><\/p>\n","protected":false},"featured_media":968,"template":"","meta":{"inline_featured_image":false,"_monsterinsights_skip_tracking":false,"_monsterinsights_sitenote_active":false,"_monsterinsights_sitenote_note":"","_monsterinsights_sitenote_category":0},"product_cat":[77,104,144],"product_tag":[],"class_list":["post-967","product","type-product","status-publish","has-post-thumbnail","hentry","product_cat-emballage","product_cat-soudeuse-plastifieuse-en-l","product_cat-pieces-electriques-2"],"acf":[],"_links":{"self":[{"href":"https:\/\/innovexalgerie.com\/pieces\/wp-json\/wp\/v2\/product\/967","targetHints":{"allow":["GET"]}}],"collection":[{"href":"https:\/\/innovexalgerie.com\/pieces\/wp-json\/wp\/v2\/product"}],"about":[{"href":"https:\/\/innovexalgerie.com\/pieces\/wp-json\/wp\/v2\/types\/product"}],"wp:featuredmedia":[{"embeddable":true,"href":"https:\/\/innovexalgerie.com\/pieces\/wp-json\/wp\/v2\/media\/968"}],"wp:attachment":[{"href":"https:\/\/innovexalgerie.com\/pieces\/wp-json\/wp\/v2\/media?parent=967"}],"wp:term":[{"taxonomy":"product_cat","embeddable":true,"href":"https:\/\/innovexalgerie.com\/pieces\/wp-json\/wp\/v2\/product_cat?post=967"},{"taxonomy":"product_tag","embeddable":true,"href":"https:\/\/innovexalgerie.com\/pieces\/wp-json\/wp\/v2\/product_tag?post=967"}],"curies":[{"name":"wp","href":"https:\/\/api.w.org\/{rel}","templated":true}]}}