{"id":971,"date":"2022-11-03T11:50:10","date_gmt":"2022-11-03T10:50:10","guid":{"rendered":"https:\/\/innovexalgerie.com\/pieces\/?post_type=product&#038;p=971"},"modified":"2024-10-15T16:23:19","modified_gmt":"2024-10-15T15:23:19","slug":"connecteur-de-cable-electrique","status":"publish","type":"product","link":"https:\/\/innovexalgerie.com\/pieces\/produit\/pieces-electriques-2\/connecteur-de-cable-electrique\/","title":{"rendered":"Connecteur de c\u00e2ble \u00e9lectrique"},"content":{"rendered":"","protected":false},"excerpt":{"rendered":"<p class=\"product-title-text\" data-spm-anchor-id=\"a2g0o.detail.1000016.i3.676f5c4egvTHeg\">Connecteur de c\u00e2ble \u00e9lectrique \u00e0 prise d&rsquo;air d&rsquo;aviation.<\/p>\n","protected":false},"featured_media":972,"template":"","meta":{"inline_featured_image":false,"_monsterinsights_skip_tracking":false,"_monsterinsights_sitenote_active":false,"_monsterinsights_sitenote_note":"","_monsterinsights_sitenote_category":0},"product_cat":[144],"product_tag":[],"class_list":["post-971","product","type-product","status-publish","has-post-thumbnail","hentry","product_cat-pieces-electriques-2"],"acf":[],"_links":{"self":[{"href":"https:\/\/innovexalgerie.com\/pieces\/wp-json\/wp\/v2\/product\/971","targetHints":{"allow":["GET"]}}],"collection":[{"href":"https:\/\/innovexalgerie.com\/pieces\/wp-json\/wp\/v2\/product"}],"about":[{"href":"https:\/\/innovexalgerie.com\/pieces\/wp-json\/wp\/v2\/types\/product"}],"wp:featuredmedia":[{"embeddable":true,"href":"https:\/\/innovexalgerie.com\/pieces\/wp-json\/wp\/v2\/media\/972"}],"wp:attachment":[{"href":"https:\/\/innovexalgerie.com\/pieces\/wp-json\/wp\/v2\/media?parent=971"}],"wp:term":[{"taxonomy":"product_cat","embeddable":true,"href":"https:\/\/innovexalgerie.com\/pieces\/wp-json\/wp\/v2\/product_cat?post=971"},{"taxonomy":"product_tag","embeddable":true,"href":"https:\/\/innovexalgerie.com\/pieces\/wp-json\/wp\/v2\/product_tag?post=971"}],"curies":[{"name":"wp","href":"https:\/\/api.w.org\/{rel}","templated":true}]}}